{"id":65,"date":"2018-11-15T15:22:19","date_gmt":"2018-11-15T14:22:19","guid":{"rendered":"http:\/\/www.tanamako.fr\/annonces\/?page_id=65"},"modified":"2019-11-05T00:21:55","modified_gmt":"2019-11-04T23:21:55","slug":"faq","status":"publish","type":"page","link":"https:\/\/www.tanamako.fr\/annonces\/rencontre\/faq\/","title":{"rendered":"FAQ"},"content":{"rendered":"<p>Vous trouverez ci-dessous quelques pr\u00e9cisions sur le fonctionnement du site. Pour l&rsquo;inscription, voyez la page \u00ab\u00a0Mode d&#8217;emploi\u00a0\u00bb. Si vous voyez un bug ou un probl\u00e8me de messagerie par exemple, faites moi savoir \u00e0 sol3fr2000\u00a0 \u00a0@\u00a0 \u00a0yahoo.fr (remettez l&rsquo;adresse attach\u00e9e sans les espaces).<\/p>\n<ul>\n<li><strong>Vous avez commenc\u00e9 \u00e0 vous inscrire mais vous ne pouvez pas confirmer ou retourner\u00a0 sur le site, faites moi savoir par email (au-dessus) en me donnant le pseudo que vous avez mis.<\/strong><\/li>\n<li><strong> Pour aller sur la page facebook Rencontre Tanamako, c&rsquo;est par ici : <span style=\"color: #0000ff;\">https:\/\/www.facebook.com\/rencontres.tanamako\/ <span style=\"color: #000000;\"><a style=\"color: #000000;\" href=\"_wp_link_placeholder\" data-wplink-edit=\"true\">et profitez en pour mettre un mot ou \u00ab\u00a0liker\u00a0\u00bb<\/a><\/span><\/span><\/strong><\/li>\n<li><strong>A tous moments vous pouvez modifier\/supprimer votre profil et changer ou rajouter des photos !<\/strong><\/li>\n<li><strong>Si vous vous apercevez que la page \u00ab\u00a0Rencontre\u00a0\u00bb est bloqu\u00e9e : d\u00e9connectez vous puis reconnectez vous<\/strong>.<\/li>\n<li><strong>Actuellement le 17 juin 2019, nous sommes en train de s\u00e9curiser le site afin que vous puissiez mettre vos identifiants et mots de passe sans aucun risque. Cependant, cela cr\u00e9e quelque bug sur le site et il se trouve que le menu d\u00e9roulant sous \u00ab\u00a0rencontres\u00a0\u00bb pose des probl\u00e8mes. Ce que vous pouvez faire, c&rsquo;est : apr\u00e8s avoir cliqu\u00e9 sur le mot \u00ab\u00a0Rencontres\u00a0\u00bb, servez vous des boutons icones en dessous sur la barre horizontale color\u00e9e : ceux ci marchent bien.<\/strong><\/li>\n<li><strong>Si vous n&rsquo;avez pas de photo sur votre profil, vous ne pourrez pas voir les photos en grand d&rsquo;autres profils.<\/strong><\/li>\n<li><strong>Sur un Pc, si vous d\u00e9sirez voir les photos plus grandes, appuyez sur les touches de votre clavier \u00ab\u00a0ctrl\u00a0\u00bb et \u00ab\u00a0+\u00a0\u00bb,,, pour diminuer \u00ab\u00a0ctrl\u00a0\u00bb et \u00ab\u00a0-\u00ab\u00a0<\/strong><\/li>\n<li><strong style=\"font-size: inherit;\"><em>Conseils pour r\u00e9diger vos annonces :<\/em> Votre accroche, c&rsquo;est le titre. En ce qui concerne le corps de votre annonce, soyez diff\u00e9rent(e) des autres, \u00e9vitez d&rsquo;utiliser les m\u00eames mots,,, il faut d\u00e9tailler un peu de votre vie, celle de tous les jours, comment vous la vivez et ce que vous esp\u00e9rez, d\u00e9crivez un maximum en quelques lignes (minimum 4 lignes). Mettez au moins une photo.<\/strong><\/li>\n<\/ul>\n\n\n<p><\/p>\n","protected":false},"excerpt":{"rendered":"<p>Vous trouverez ci-dessous quelques pr\u00e9cisions sur le fonctionnement du site. Pour l&rsquo;inscription, voyez la page \u00ab\u00a0Mode d&#8217;emploi\u00a0\u00bb. Si vous voyez un bug ou un probl\u00e8me de messagerie par exemple, faites moi savoir \u00e0 sol3fr2000\u00a0 \u00a0@\u00a0 \u00a0yahoo.fr (remettez l&rsquo;adresse attach\u00e9e sans les espaces). Vous avez commenc\u00e9 \u00e0 vous inscrire mais vous ne pouvez pas confirmer ou &hellip; <\/p>\n<p class=\"link-more\"><a href=\"https:\/\/www.tanamako.fr\/annonces\/rencontre\/faq\/\" class=\"more-link\">Continuer la lecture<span class=\"screen-reader-text\"> de &laquo;&nbsp;FAQ&nbsp;&raquo;<\/span><\/a><\/p>\n","protected":false},"author":1,"featured_media":0,"parent":0,"menu_order":3,"comment_status":"closed","ping_status":"closed","template":"","meta":{"footnotes":""},"class_list":["post-65","page","type-page","status-publish","hentry"],"_links":{"self":[{"href":"https:\/\/www.tanamako.fr\/annonces\/rencontre\/wp-json\/wp\/v2\/pages\/65","targetHints":{"allow":["GET"]}}],"collection":[{"href":"https:\/\/www.tanamako.fr\/annonces\/rencontre\/wp-json\/wp\/v2\/pages"}],"about":[{"href":"https:\/\/www.tanamako.fr\/annonces\/rencontre\/wp-json\/wp\/v2\/types\/page"}],"author":[{"embeddable":true,"href":"https:\/\/www.tanamako.fr\/annonces\/rencontre\/wp-json\/wp\/v2\/users\/1"}],"replies":[{"embeddable":true,"href":"https:\/\/www.tanamako.fr\/annonces\/rencontre\/wp-json\/wp\/v2\/comments?post=65"}],"version-history":[{"count":10,"href":"https:\/\/www.tanamako.fr\/annonces\/rencontre\/wp-json\/wp\/v2\/pages\/65\/revisions"}],"predecessor-version":[{"id":221,"href":"https:\/\/www.tanamako.fr\/annonces\/rencontre\/wp-json\/wp\/v2\/pages\/65\/revisions\/221"}],"wp:attachment":[{"href":"https:\/\/www.tanamako.fr\/annonces\/rencontre\/wp-json\/wp\/v2\/media?parent=65"}],"curies":[{"name":"wp","href":"https:\/\/api.w.org\/{rel}","templated":true}]}}