{"id":216,"date":"2019-11-04T16:32:08","date_gmt":"2019-11-04T15:32:08","guid":{"rendered":"https:\/\/www.tanamako.fr\/annonces\/rencontre\/?page_id=216"},"modified":"2020-02-07T15:08:59","modified_gmt":"2020-02-07T14:08:59","slug":"la-boutique","status":"publish","type":"page","link":"https:\/\/www.tanamako.fr\/annonces\/rencontre\/la-boutique\/","title":{"rendered":"La Boutique"},"content":{"rendered":"\n<p class=\"has-text-color has-text-align-center has-medium-font-size has-vivid-cyan-blue-color\"><a href=\"http:\/\/boutic.tidjinn.1tpe.fr\/\"><strong>La Boutique de Tanamako<\/strong><\/a><\/p>\n\n\n\n<p>Bonjour et merci de passer ici.<\/p>\n\n\n\n<p>Par le lien que vous trouverez un peu plus bas, vous pourrez acc\u00e9der \u00e0 la boutique de Tanamako.  <\/p>\n\n\n\n<p>Le site de rencontre est gratuit. Il m&rsquo;est difficile de le rendre payant car je perdrais certainement beaucoup d&rsquo;entre vous et aussi pour des raisons techniques. Cependant, il faut que  je trouve un moyen de le rentabiliser : j&rsquo;ai donc pens\u00e9 \u00e0 l&rsquo;id\u00e9e de coller au club de rencontre, une boutique d&rsquo;articles, m\u00e9thodes, logiciels ou livres t\u00e9l\u00e9chargeables en ligne.  Par ailleurs, certaines personnes qui ont r\u00e9ussi \u00e0 construire leur couple gr\u00e2ce \u00e0 Tanamako peuvent,<strong> s&rsquo;ils le d\u00e9sirent<\/strong>, me renvoyer l\u2019ascenseur de cette fa\u00e7on. Je verrais s&rsquo;il y a moyen de d\u00e9velopper cela dans le futur mais pour le moment, je vous propose cette plateforme tr\u00e8s connue et particuli\u00e8rement fiable concernant les paiements.  Vous devez savoir que si vous commandez quelque chose sur la boutique, je recevrais une commission. Dans tous les cas, merci beaucoup.<\/p>\n\n\n\n<p class=\"has-text-color has-text-align-center has-medium-font-size has-vivid-cyan-blue-color\"><a href=\"http:\/\/boutic.tidjinn.1tpe.fr\/\"><strong>La Boutique de Tanamako<\/strong><\/a><\/p>\n\n\n\n<p>Sur la gauche de la page, vous pouvez choisir la cat\u00e9gorie qui vous int\u00e9resse.<\/p>\n\n\n\n<p>Rencontres Tanamako<\/p>\n\n\n\n<p>Site de rencontre Madagascar gratuit<\/p>\n\n\n\n<p>Tanamako.fr Les Rencontres Exotiques mais pas seulement<\/p>\n","protected":false},"excerpt":{"rendered":"<p>La Boutique de Tanamako Bonjour et merci de passer ici. Par le lien que vous trouverez un peu plus bas, vous pourrez acc\u00e9der \u00e0 la boutique de Tanamako. Le site de rencontre est gratuit. Il m&rsquo;est difficile de le rendre payant car je perdrais certainement beaucoup d&rsquo;entre vous et aussi pour des raisons techniques. Cependant, &hellip; <\/p>\n<p class=\"link-more\"><a href=\"https:\/\/www.tanamako.fr\/annonces\/rencontre\/la-boutique\/\" class=\"more-link\">Continuer la lecture<span class=\"screen-reader-text\"> de &laquo;&nbsp;La Boutique&nbsp;&raquo;<\/span><\/a><\/p>\n","protected":false},"author":1,"featured_media":0,"parent":0,"menu_order":0,"comment_status":"closed","ping_status":"closed","template":"","meta":{"footnotes":""},"class_list":["post-216","page","type-page","status-publish","hentry"],"_links":{"self":[{"href":"https:\/\/www.tanamako.fr\/annonces\/rencontre\/wp-json\/wp\/v2\/pages\/216","targetHints":{"allow":["GET"]}}],"collection":[{"href":"https:\/\/www.tanamako.fr\/annonces\/rencontre\/wp-json\/wp\/v2\/pages"}],"about":[{"href":"https:\/\/www.tanamako.fr\/annonces\/rencontre\/wp-json\/wp\/v2\/types\/page"}],"author":[{"embeddable":true,"href":"https:\/\/www.tanamako.fr\/annonces\/rencontre\/wp-json\/wp\/v2\/users\/1"}],"replies":[{"embeddable":true,"href":"https:\/\/www.tanamako.fr\/annonces\/rencontre\/wp-json\/wp\/v2\/comments?post=216"}],"version-history":[{"count":3,"href":"https:\/\/www.tanamako.fr\/annonces\/rencontre\/wp-json\/wp\/v2\/pages\/216\/revisions"}],"predecessor-version":[{"id":243,"href":"https:\/\/www.tanamako.fr\/annonces\/rencontre\/wp-json\/wp\/v2\/pages\/216\/revisions\/243"}],"wp:attachment":[{"href":"https:\/\/www.tanamako.fr\/annonces\/rencontre\/wp-json\/wp\/v2\/media?parent=216"}],"curies":[{"name":"wp","href":"https:\/\/api.w.org\/{rel}","templated":true}]}}