{"id":2,"date":"2018-11-06T17:03:18","date_gmt":"2018-11-06T16:03:18","guid":{"rendered":"http:\/\/www.tanamako.fr\/annonces\/?page_id=2"},"modified":"2020-12-09T19:41:56","modified_gmt":"2020-12-09T18:41:56","slug":"page-d-exemple","status":"publish","type":"page","link":"https:\/\/www.tanamako.fr\/annonces\/rencontre\/page-d-exemple\/","title":{"rendered":"Mode d&rsquo;Emploi"},"content":{"rendered":"<p>Rencontres Tanamako \r\n<div id=\"log\" class=\"renclog\">\r\n\t<a href=\"https:\/\/www.tanamako.fr\/annonces\/wp-login.php?redirect_to=https%3A%2F%2Fwww.tanamako.fr%2Fannonces%2Frencontre%2Frencontre%2F\" title=\"Connexion\">Connexion<\/a>\r\n\t<a href=\"https:\/\/www.tanamako.fr\/annonces\/wp-login.php?action=register\" title=\"Inscription\">Inscription<\/a>\r\n<\/div><!-- #log.rencLog -->\r\n[rencontre_loginFB]<\/p>\n<p>Site de rencontre Madagascar gratuit<\/p>\n<p>Tanamako.fr Les Rencontres Exotiques mais pas seulement<\/p>\n<p><strong><span style=\"color: #ff0000;\">N&rsquo;h\u00e9sitez pas \u00e0 nous contacter si vous rep\u00e9rez des profils suspects.<\/span><\/strong><\/p>\n<p><strong>Explications Pour acc\u00e9der au site<\/strong> :<\/p>\n<p>Gardez cette page ouverte pour suivre les op\u00e9rations et ouvrez un autre onglet avec clic droit sur \u00ab\u00a0Accueil\u00a0\u00bb.<\/p>\n<p>Aujourd&rsquo;hui le 28\/01\/2019, modification de l&rsquo;inscription. Elle devient plus rapide et cela permettra peut-\u00eatre de r\u00e9soudre les probl\u00e8mes de certains pour s&rsquo;inscrire (je ne sais pas, c&rsquo;est \u00e0 voir, essayez !)<\/p>\n<ol>\n<li>Remplissez le formulaire qui s&rsquo;affiche avec votre pseudo, votre adresse de messagerie et mettez un mot de passe que vous devrez vous rappeler,,, enregistrez ! Vous \u00eates dirig\u00e9s directement sur la page d&rsquo;accueil du site.<\/li>\n<li>Allez dans votre messagerie apr\u00e8s quelques minutes et ouvrez le message du site, cliquez sur le\u00a0 lien pour valider votre inscription sinon vous ne pourrez rien faire.<\/li>\n<li>Passez la souris sur \u00ab\u00a0Rencontres\u00a0\u00bb puis dans le menu d\u00e9roulant dessous, allez dans \u00ab\u00a0Mon Compte\u00a0\u00bb et remplissez toutes les cases possibles. Pour \u00ab\u00a0relation s\u00e9rieuse\u00a0\u00bb \u00ab\u00a0relation libre\u00a0\u00bb ou \u00ab\u00a0amiti\u00e9\u00a0\u00bb, vous pourrez choisir 1 ou 2 ou les 3<\/li>\n<li>Puis \u00e0 nouveau dans le menu d\u00e9roulant sous \u00ab\u00a0Rencontres\u00a0\u00bb allez dans \u00ab\u00a0Modifier mon Profil\u00a0\u00bb. Pour charger vos photos, cliquez sur les petites vignettes (en dessous) puis choisir vos photos correspondantes sur votre ordinateur ! Photos suggestives accept\u00e9es mais pas photos de nus (es). <strong>Attention !!! si vos photos sont lourdes, il faut attendre au moins 1 \u00e0 2\u00a0 minutes<\/strong> pour le t\u00e9l\u00e9chargement et la r\u00e9duction de la photo, donc soyez patient si c&rsquo;est le cas&#8230; sinon r\u00e9duisez d&rsquo;abord vos photos.<\/li>\n<li>Vous pouvez mettre ensuite votre titre \u00ab\u00a0accroche\u00a0\u00bb et votre annonce personnalis\u00e9e. Remplissez correctement les autres cases pr\u00e9par\u00e9es du profil en cliquant dessus, puis \u00ab\u00a0sauvegarde\u00a0\u00bb<\/li>\n<\/ol>\n<p>&#8230; bonne chance !<\/p>\n<p><span style=\"font-size: 1rem;\">Thierry<\/span><\/p>\n<p><strong>le 04 novembre 2019<\/strong>, mise en place de la Boutique de Tanamako<\/p>\n<p><strong>le 19 d\u00e9cembre 2018, \u00e0 1h50<\/strong> : changement de pr\u00e9sentation du site. Les photos zoom\u00e9es ont \u00e9t\u00e9 encore un peu agrandies. Des icones ont remplac\u00e9 les titres dans la rubrique \u00ab\u00a0rencontre\u00a0\u00bb. Essayez, fouinez, pour vous faire la main. Mais vous avez encore les titres en positionnant la souris sur l&rsquo;onglet \u00ab\u00a0rencontre\u00a0\u00bb<\/p>\n<p><strong>le 9 novembre 2018, 01h30<\/strong>. Vous pouvez y aller !!! Le site ouvre aujourd&rsquo;hui . Commencez \u00e0 poster vos annonces et bienvenus (es) au Club Tanamako. Il se peut qu&rsquo;il y ait quelques bugs donc soyez indulgents. Plusieurs jours ou semaines seront n\u00e9cessaires pour qu&rsquo;il y ait suffisamment de monde, merci d&rsquo;\u00eatre un peu patient\u00a0 et merci pour \u00eatre les premiers.<\/p>\n<p><strong>le 7 novembre 2018<\/strong>.\u00a0Le site de rencontres <a href=\"https:\/\/www.tanamako.fr\/annonces\/rencontre\/rencontre\/\">tanamako.fr\/annonces<\/a> est en cours de reconstruction apr\u00e8s des ennuis avec le serveur et le piratage. Il me faut quelques temps pour que le site soit au point. Je n&rsquo;ai pas encore r\u00e9ussi \u00e0 remettre les anciennes annonces, je ne sais pas encore comment le faire et si c&rsquo;est possible.<\/p>\n<p>Voir la page FAQ pour d&rsquo;autres pr\u00e9cisions \/ renseignements<\/p>\n","protected":false},"excerpt":{"rendered":"<p>Rencontres Tanamako [rencontre_loginFB] Site de rencontre Madagascar gratuit Tanamako.fr Les Rencontres Exotiques mais pas seulement N&rsquo;h\u00e9sitez pas \u00e0 nous contacter si vous rep\u00e9rez des profils suspects. Explications Pour acc\u00e9der au site : Gardez cette page ouverte pour suivre les op\u00e9rations et ouvrez un autre onglet avec clic droit sur \u00ab\u00a0Accueil\u00a0\u00bb. Aujourd&rsquo;hui le 28\/01\/2019, modification de &hellip; <\/p>\n<p class=\"link-more\"><a href=\"https:\/\/www.tanamako.fr\/annonces\/rencontre\/page-d-exemple\/\" class=\"more-link\">Continuer la lecture<span class=\"screen-reader-text\"> de &laquo;&nbsp;Mode d&rsquo;Emploi&nbsp;&raquo;<\/span><\/a><\/p>\n","protected":false},"author":1,"featured_media":0,"parent":0,"menu_order":2,"comment_status":"closed","ping_status":"closed","template":"","meta":{"footnotes":""},"class_list":["post-2","page","type-page","status-publish","hentry"],"_links":{"self":[{"href":"https:\/\/www.tanamako.fr\/annonces\/rencontre\/wp-json\/wp\/v2\/pages\/2","targetHints":{"allow":["GET"]}}],"collection":[{"href":"https:\/\/www.tanamako.fr\/annonces\/rencontre\/wp-json\/wp\/v2\/pages"}],"about":[{"href":"https:\/\/www.tanamako.fr\/annonces\/rencontre\/wp-json\/wp\/v2\/types\/page"}],"author":[{"embeddable":true,"href":"https:\/\/www.tanamako.fr\/annonces\/rencontre\/wp-json\/wp\/v2\/users\/1"}],"replies":[{"embeddable":true,"href":"https:\/\/www.tanamako.fr\/annonces\/rencontre\/wp-json\/wp\/v2\/comments?post=2"}],"version-history":[{"count":48,"href":"https:\/\/www.tanamako.fr\/annonces\/rencontre\/wp-json\/wp\/v2\/pages\/2\/revisions"}],"predecessor-version":[{"id":388,"href":"https:\/\/www.tanamako.fr\/annonces\/rencontre\/wp-json\/wp\/v2\/pages\/2\/revisions\/388"}],"wp:attachment":[{"href":"https:\/\/www.tanamako.fr\/annonces\/rencontre\/wp-json\/wp\/v2\/media?parent=2"}],"curies":[{"name":"wp","href":"https:\/\/api.w.org\/{rel}","templated":true}]}}