{"id":144,"date":"2019-06-18T12:55:42","date_gmt":"2019-06-18T10:55:42","guid":{"rendered":"https:\/\/www.tanamako.fr\/annonces\/?page_id=144"},"modified":"2019-06-18T13:03:32","modified_gmt":"2019-06-18T11:03:32","slug":"succes","status":"publish","type":"page","link":"https:\/\/www.tanamako.fr\/annonces\/rencontre\/succes\/","title":{"rendered":"Succ\u00e9s"},"content":{"rendered":"\n<p>Dans cette page vous pourrez lire les t\u00e9moignages des personnes contentes des r\u00e9sultats obtenus gr\u00e2ce \u00e0 <strong>Rencontres Tanamako<\/strong>.<\/p>\n\n\n\n<p>On va mettre en place un syst\u00e8me d&rsquo;envoi de courrier \u00e0 l&rsquo;Admin qui retranscrira sur cette page. En attendant vous pouvez vous servir de l&rsquo;adresse contact dans la page <strong>FAQ<\/strong>.<\/p>\n","protected":false},"excerpt":{"rendered":"<p>Dans cette page vous pourrez lire les t\u00e9moignages des personnes contentes des r\u00e9sultats obtenus gr\u00e2ce \u00e0 Rencontres Tanamako. On va mettre en place un syst\u00e8me d&rsquo;envoi de courrier \u00e0 l&rsquo;Admin qui retranscrira sur cette page. En attendant vous pouvez vous servir de l&rsquo;adresse contact dans la page FAQ.<\/p>\n","protected":false},"author":1,"featured_media":0,"parent":0,"menu_order":5,"comment_status":"closed","ping_status":"closed","template":"","meta":{"footnotes":""},"class_list":["post-144","page","type-page","status-publish","hentry"],"_links":{"self":[{"href":"https:\/\/www.tanamako.fr\/annonces\/rencontre\/wp-json\/wp\/v2\/pages\/144","targetHints":{"allow":["GET"]}}],"collection":[{"href":"https:\/\/www.tanamako.fr\/annonces\/rencontre\/wp-json\/wp\/v2\/pages"}],"about":[{"href":"https:\/\/www.tanamako.fr\/annonces\/rencontre\/wp-json\/wp\/v2\/types\/page"}],"author":[{"embeddable":true,"href":"https:\/\/www.tanamako.fr\/annonces\/rencontre\/wp-json\/wp\/v2\/users\/1"}],"replies":[{"embeddable":true,"href":"https:\/\/www.tanamako.fr\/annonces\/rencontre\/wp-json\/wp\/v2\/comments?post=144"}],"version-history":[{"count":1,"href":"https:\/\/www.tanamako.fr\/annonces\/rencontre\/wp-json\/wp\/v2\/pages\/144\/revisions"}],"predecessor-version":[{"id":146,"href":"https:\/\/www.tanamako.fr\/annonces\/rencontre\/wp-json\/wp\/v2\/pages\/144\/revisions\/146"}],"wp:attachment":[{"href":"https:\/\/www.tanamako.fr\/annonces\/rencontre\/wp-json\/wp\/v2\/media?parent=144"}],"curies":[{"name":"wp","href":"https:\/\/api.w.org\/{rel}","templated":true}]}}