{"id":112,"date":"2020-01-16T00:32:00","date_gmt":"2020-01-15T23:32:00","guid":{"rendered":"http:\/\/www.tanamako.fr\/annonces\/?page_id=112"},"modified":"2020-05-11T11:37:16","modified_gmt":"2020-05-11T09:37:16","slug":"la-femme-malgache","status":"publish","type":"page","link":"https:\/\/www.tanamako.fr\/annonces\/rencontre\/la-femme-malgache\/","title":{"rendered":"La femme Malgache"},"content":{"rendered":"\n<p>Entre\n l&rsquo;Asie et l&rsquo;Afrique, Madagascar s&rsquo;est forg\u00e9e une personnalit\u00e9 unique. \nAu minimum 18 ethnies diff\u00e9rentes occupent l&rsquo;ensemble de la grande \u00eele \ncomme on l&rsquo;appelle sans parler bien-s\u00fbr des populations \u00e9trang\u00e8res \nfran\u00e7aises et occidentales, chinoises ainsi que les Karan&rsquo; originaires \nd&rsquo;Inde, du Pakistan ou de l&rsquo;\u00eele Maurice.<br>\n  Ainsi la femme malgache est issue d&rsquo;un de ces groupes ou \n\u00e9ventuellement d&rsquo;un m\u00e9tissage. Vous trouverez aussi bien des femmes \nmalgaches blanches que des femmes noires et plus g\u00e9n\u00e9ralement entre \ndeux.<\/p>\n\n\n\n<p>Beaucoup\n de femmes Malgaches cherchent un compagnon europ\u00e9en. Pour la plupart, \nelles parlent assez bien fran\u00e7ais. Certaines seront ravies de vivre en \nEurope mais ce n&rsquo;est pas le cas de toutes (surtout \u00e0 cause du climat), \ndonc pensez au fait que votre future conjointe puisse vouloir rester au \npays ou y revenir souvent : cela vous donnera l&rsquo;occasion de venir dans \nl&rsquo;Oc\u00e9an Indien et d\u00e9couvrir Madagascar.<\/p>\n\n\n\n<p> La ou \nles langues officielles : le fran\u00e7ais et le malgache. La langue malgache\n est un peu diff\u00e9rente selon les endroits et les ethnies. Tous les \nmalgaches ne parlent pas fran\u00e7ais ou pas suffisamment.<\/p>\n\n\n\n<p>Madagascar\n est un des pays o\u00f9 le salaire de base fait froid dans le dos : \ng\u00e9n\u00e9ralement autour de 20 \u00e0 40 euro par mois, il peut descendre \u00e0 z\u00e9ro \nen brousse (campagne) pour des aide-m\u00e9nag\u00e8res, avec juste le manger qui \nconsiste souvent en riz blanc et le coucher.<br>\n  La femme malgache conna\u00eet un peu la vie en europe ou en Am\u00e9rique gr\u00e2ce\n \u00e0 la t\u00e9l\u00e9vision. Mais nous savons que la t\u00e9l\u00e9vision ne peut pas \nrefl\u00e9ter la r\u00e9alit\u00e9 de la vie. <\/p>\n\n\n\n<p>A \nl&rsquo;instar des Africaines elles pensent souvent que les hommes europ\u00e9ens \nsont tr\u00e8s riches, leurs rep\u00e8res \u00e9tant fauss\u00e9s par leur mode de vie et \nleur \u00e9conomie : il faut donc leur inculquer les bases de la vie en \nFrance ou en Europe.<br>\n  Beaucoup d&rsquo;entre elles r\u00eavent de vivre ou visiter nos pays mais \ncoup\u00e9es de leurs racines, certaines n&rsquo;arrivent pas toujours \u00e0 s&rsquo;int\u00e9grer\n parfaitement et ont besoin de revenir r\u00e9guli\u00e8rement chez elles.<\/p>\n\n\n\n<p> Les \n\u00e9motions existent chez tous les \u00eatres humains et les malgaches ne font \npas exception \u00e0 la r\u00e8gle. La femme malgache peut \u00eatre aussi amoureuse ou\n romantique qu&rsquo;une femme europ\u00e9enne. Elle peut aussi rire ou pleurer. \nElle est \u00e9galement tr\u00e8s proche de ses enfants et s&rsquo;en occupe tr\u00e8s bien. A\n Madagascar, les couples se font et se d\u00e9font comme en occident mais la \nfemme malgache cherche la s\u00e9curit\u00e9 d&rsquo;une famille stable.<\/p>\n\n\n\n<p> Elle \nest aussi coquette, aime s&rsquo;habiller \u00e0 la mode, sortir en boite ou au \nrestaurant, se maquiller, bien que souvent elle n&rsquo;en a pas besoin ou si \npeu.<br>\n  Vous allez rencontrer plus facilement de petits gabarits, h\u00e9ritage de ses anc\u00eatres asiatiques. <\/p>\n\n\n\n<p>Dans  l&rsquo;ensemble, la femme malgache recherche un compagnon plus \u00e2g\u00e9 : c&rsquo;est un  gage de s\u00e9rieux pour elle. Mais sur ce plan chacune a ses crit\u00e8res. Il  n&rsquo;est pas rare de voir des diff\u00e9rences de 20 ans et plus. <\/p>\n\n\n\n<p>Rencontres Tanamako<\/p>\n\n\n\n<p>Site de rencontres Madagascar gratuit<\/p>\n\n\n\n<p>Rencontrer une femme malgache<\/p>\n\n\n\n<p>Tanamako.fr Les Rencontres Exotiques mais pas seulement<\/p>\n\n\n\n<p>\r\n<div id=\"log\" class=\"renclog\">\r\n\t<a href=\"https:\/\/www.tanamako.fr\/annonces\/wp-login.php?redirect_to=https%3A%2F%2Fwww.tanamako.fr%2Fannonces%2Frencontre%2Frencontre%2F\" title=\"Connexion\">Connexion<\/a>\r\n\t<a href=\"https:\/\/www.tanamako.fr\/annonces\/wp-login.php?action=register\" title=\"Inscription\">Inscription<\/a>\r\n<\/div><!-- #log.rencLog -->\r\n[rencontre_loginFB]<\/p>\n\n\n\n\n\t<div id=\"imgreg\" class=\"imgreg w3-hide-small\" style=\"position:absolute;max-width:280px;\"><h2>Inscription<\/h2>\n\t\n\t\t<form name=\"registerform\" id=\"registerform\" action=\"https:\/\/www.tanamako.fr\/annonces\/wp-login.php?action=register\" method=\"post\" novalidate=\"novalidate\">\n\t\t\t<p>\n\t\t\t\t<label for=\"user_login\">Identifiant<br \/><input type=\"text\" name=\"user_login\" id=\"user_login\" class=\"input\" value=\"\" size=\"20\" \/>\n\t\t\t\t<\/label>\n\t\t\t<\/p>\n\t\t\t<p>\n\t\t\t\t<label for=\"user_email\">E-mail<br \/><input type=\"email\" name=\"user_email\" id=\"user_email\" class=\"input\" value=\"\" size=\"25\" \/>\n\t\t\t\t<\/label>\n\t\t\t<\/p>\n\t\t\n\t\t\t<p>\n\t\t\t\t<label for=\"pssw\">Mot de passe<br \/><input type=\"password\" name=\"pssw\" id=\"pssw\" class=\"input\" value=\"\" size=\"25\" \/>\n\t\t\t\t<\/label>\n\t\t\t<\/p>\n\t\t\t\t\t\t\n\t\t\t<p>\n\t\t\t\t<label for=\"zsex\">Je recherche\t\t\t\t<br \/>\n\t\t\t\t<select name=\"zsex\">\n\t\t\t\t\t\t\t\t\t<option value=\"0\">un homme<\/option>\n\t\t\t\t\t\t\t\t\t<option value=\"1\">une femme<\/option>\n\t\t\t\t\t\t\t\t\n\t\t\t\t<\/select><\/label>\n\t\t\t<\/p>\n\t\t\t\t\n\t\t\t<input type=\"hidden\" name=\"redirect_to\" value=\"\" \/>\n\t\t\t<p class=\"submit\">\n\t\t\t\t<input type=\"submit\" name=\"wp-submit\" id=\"wp-submit\" class=\"button button-primary button-large\" value=\"Inscription\" \/>\n\t\t\t<\/p>\n\t\t<\/form>\n\t\t\n\t<\/div>\n\t<script>jQuery(document).ready(function(){var p=jQuery(\" .site-header .wp-custome-header img\").parent(),h=parseInt((jQuery(\" .site-header .wp-custome-header img\").height())*0.10),w=parseInt((jQuery(\" .site-header .wp-custome-header img\").width())*0.07);jQuery(\"#imgreg\").appendTo(p);document.getElementById(\"imgreg\").style.top=h+\"px\";document.getElementById(\"imgreg\").style.left=w+\"px\";jQuery(p).css(\"position\",\"relative\");});<\/script>\n\n","protected":false},"excerpt":{"rendered":"<p>Entre l&rsquo;Asie et l&rsquo;Afrique, Madagascar s&rsquo;est forg\u00e9e une personnalit\u00e9 unique. Au minimum 18 ethnies diff\u00e9rentes occupent l&rsquo;ensemble de la grande \u00eele comme on l&rsquo;appelle sans parler bien-s\u00fbr des populations \u00e9trang\u00e8res fran\u00e7aises et occidentales, chinoises ainsi que les Karan&rsquo; originaires d&rsquo;Inde, du Pakistan ou de l&rsquo;\u00eele Maurice. Ainsi la femme malgache est issue d&rsquo;un de ces &hellip; <\/p>\n<p class=\"link-more\"><a href=\"https:\/\/www.tanamako.fr\/annonces\/rencontre\/la-femme-malgache\/\" class=\"more-link\">Continuer la lecture<span class=\"screen-reader-text\"> de &laquo;&nbsp;La femme Malgache&nbsp;&raquo;<\/span><\/a><\/p>\n","protected":false},"author":1,"featured_media":0,"parent":0,"menu_order":0,"comment_status":"closed","ping_status":"closed","template":"","meta":{"footnotes":""},"class_list":["post-112","page","type-page","status-publish","hentry"],"_links":{"self":[{"href":"https:\/\/www.tanamako.fr\/annonces\/rencontre\/wp-json\/wp\/v2\/pages\/112","targetHints":{"allow":["GET"]}}],"collection":[{"href":"https:\/\/www.tanamako.fr\/annonces\/rencontre\/wp-json\/wp\/v2\/pages"}],"about":[{"href":"https:\/\/www.tanamako.fr\/annonces\/rencontre\/wp-json\/wp\/v2\/types\/page"}],"author":[{"embeddable":true,"href":"https:\/\/www.tanamako.fr\/annonces\/rencontre\/wp-json\/wp\/v2\/users\/1"}],"replies":[{"embeddable":true,"href":"https:\/\/www.tanamako.fr\/annonces\/rencontre\/wp-json\/wp\/v2\/comments?post=112"}],"version-history":[{"count":11,"href":"https:\/\/www.tanamako.fr\/annonces\/rencontre\/wp-json\/wp\/v2\/pages\/112\/revisions"}],"predecessor-version":[{"id":322,"href":"https:\/\/www.tanamako.fr\/annonces\/rencontre\/wp-json\/wp\/v2\/pages\/112\/revisions\/322"}],"wp:attachment":[{"href":"https:\/\/www.tanamako.fr\/annonces\/rencontre\/wp-json\/wp\/v2\/media?parent=112"}],"curies":[{"name":"wp","href":"https:\/\/api.w.org\/{rel}","templated":true}]}}